{"id":1381,"date":"2016-08-15T16:05:30","date_gmt":"2016-08-15T07:05:30","guid":{"rendered":"http:\/\/kyomaf.kyoto\/?page_id=1381"},"modified":"2017-05-08T14:50:35","modified_gmt":"2017-05-08T05:50:35","slug":"chara_cafe","status":"publish","type":"page","link":"https:\/\/kyomaf.kyoto\/2016\/en\/public\/chara_cafe\/","title":{"rendered":"Character Caf\u00e9"},"content":{"rendered":"<link rel=\"stylesheet\" id=\"style-css\" href=\"\/2016\/wp-content\/themes\/kyomaf2016\/style_page.css\" type=\"text\/css\" media=\"all\" \/>\n<div id=\"charaCafe\" class=\"middleArea middleArea-border layout-pt-20 layout-pb-15 layout-l-pt-60 layout-l-pb-30\">\n<div class=\"content content-charaCafe inner\">\n<div class=\"row\">\n<div class=\"offset-l-1 offset-m-1 col-10 col-s-12\">\n<p class=\"p p-supplementary layout-align-center\">Food and Merchandise Area in KYOMAF.<br \/>\n                [Black Butler Y\u016bki Chaya] and Animate Caf\u00e9 Kitchen Car will exhibit in KYOMAF this year. <br \/>\n                KYOMAF limited goods will also be sold at the area. <\/p>\n<\/p><\/div>\n<\/p><\/div>\n<nav class=\"nav-tab layout-l-mt-60 layout-m-mt-40 layout-s-mt-20 inner\">\n<ul class=\"row\">\n<li class=\"offset-l-2 col-4 col-m-6 col-s-12 layout-s-mb-20\"><a href=\"javascript:void(0)\" data-tabId=\"cafe-phantom\" class=\"tab is-current\"><span>Black Butler Y\u016bki Chaya<\/span><\/a><\/li>\n<li class=\"col-4 col-m-6 col-s-12\"><a href=\"javascript:void(0)\" data-tabId=\"cafe-animate\" class=\"tab\"><span>Animate Caf\u00e9<\/span><\/a><\/li>\n<\/ul>\n<\/nav>\n<div data-tabId=\"cafe-phantom\" class=\"tabContents is-current layout-mb-50\">\n<h2 class=\"h h-1 h-bar is-blue is-bold layout-mb-50\">Black Butler Y\u016bki Chaya<\/h2>\n<div class=\"layout-mb-50 layout-align-center\">\n                <img decoding=\"async\" src=\"\/2016\/wp-content\/uploads\/2016\/07\/yuki_chaya_mainvisual.jpg\" alt=\"\" class=\"cafe-image-pict\"><\/p>\n<p class=\"layout-mt-5\">\u00a9Yana Toboso\/SQUARE ENIX<\/p>\n<\/p><\/div>\n<div class=\"layout-align-center\">\n                <img decoding=\"async\" src=\"\/2016\/wp-content\/uploads\/2016\/07\/phantomcafe_logo.png\" alt=\"\" class=\"cafe-image-pict-small layout-mr-10 layout-s-mr-0 layout-s-mb-20\"><img decoding=\"async\" src=\"\/2016\/wp-content\/uploads\/2016\/07\/yuki_chaya_logo.jpg\" alt=\"\" class=\"cafe-image-pict-small layout-ml-10 layout-s-ml-0\">\n              <\/div>\n<p class=\"p layout-mb-30\">The highly popular \u201cFuntom Caf\u00e9\u201d from Harajuku and Osaka comes to KYOMAF transformed into a tea house.<br \/>\nYou can enjoy the original menu that cannot be tasted anywhere else, such as special Burger, Udon, Japanese Style Parfait and many more. <br \/>\nMoreover, unique collaboration goods made by Kyoto companies, such as Black Butler\u00d7SIONE (Pottery) and Black Butler\u00d7UEBA ESOU (Gofun nail polish) will be sold, together with original Y\u016bki Chaya items.<br \/>\nBe sure to visit Y\u016bki Chaya in September!<\/p>\n<p class=\"p layout-mb-30\">Check the official homepage and Twitter for more updates.<br \/>\n              <i class=\"imSns imSns-twitter teitter-icon\"><\/i>\uff1a<a href=\"https:\/\/twitter.com\/FuntomCafe\" target=\"_blank\">\uff20FuntomCafe<\/a>\n              <\/p>\n<\/p><\/div>\n<div data-tabId=\"cafe-animate\" class=\"tabContents layout-mb-50\">\n<h2 class=\"h h-1 h-bar is-blue is-bold layout-mb-50\">Animate Caf\u00e9<\/h2>\n<div class=\"row\">\n<div class=\"col-12 col-s-12\">\n<div class=\"layout-mb-50 layout-s-mb-10 layout-align-center\"><img decoding=\"async\" src=\"\/2016\/wp-content\/uploads\/2016\/07\/animatecafe_logo.png\" alt=\"\" class=\"cafe-image-pict\"><\/div>\n<p class=\"p layout-mb-30\">\u3010Ensemble Stars!\u00d7Animate Caf\u00e9 Kitchen Car\u3011<br \/>\n              Exhibiting at KYOTO INTERNATIONAL MANGA ANIME FAIR 2016\u266a<br \/>\n             Please check later for more information!\n              <\/p>\n<\/p><\/div>\n<\/p><\/div>\n<\/p><\/div>\n<\/p><\/div>\n<\/p><\/div>\n","protected":false},"excerpt":{"rendered":"<p>Food and Merchandise Area in KYOMAF. [Black Butler Y\u016bki Chaya] and Animate Caf\u00e9 Kitchen Car will exhibit in KY&#8230;<\/p>\n","protected":false},"author":1,"featured_media":0,"parent":1349,"menu_order":0,"comment_status":"closed","ping_status":"closed","template":"page-raw_html.php","meta":{"_locale":"en_US","_original_post":"660"},"aioseo_notices":[],"_links":{"self":[{"href":"https:\/\/kyomaf.kyoto\/2016\/wp-json\/wp\/v2\/pages\/1381"}],"collection":[{"href":"https:\/\/kyomaf.kyoto\/2016\/wp-json\/wp\/v2\/pages"}],"about":[{"href":"https:\/\/kyomaf.kyoto\/2016\/wp-json\/wp\/v2\/types\/page"}],"author":[{"embeddable":true,"href":"https:\/\/kyomaf.kyoto\/2016\/wp-json\/wp\/v2\/users\/1"}],"replies":[{"embeddable":true,"href":"https:\/\/kyomaf.kyoto\/2016\/wp-json\/wp\/v2\/comments?post=1381"}],"version-history":[{"count":3,"href":"https:\/\/kyomaf.kyoto\/2016\/wp-json\/wp\/v2\/pages\/1381\/revisions"}],"predecessor-version":[{"id":3090,"href":"https:\/\/kyomaf.kyoto\/2016\/wp-json\/wp\/v2\/pages\/1381\/revisions\/3090"}],"up":[{"embeddable":true,"href":"https:\/\/kyomaf.kyoto\/2016\/wp-json\/wp\/v2\/pages\/1349"}],"wp:attachment":[{"href":"https:\/\/kyomaf.kyoto\/2016\/wp-json\/wp\/v2\/media?parent=1381"}],"curies":[{"name":"wp","href":"https:\/\/api.w.org\/{rel}","templated":true}]}}